{"id":8,"date":"2023-05-07T19:13:55","date_gmt":"2023-05-07T17:13:55","guid":{"rendered":"https:\/\/assistantesmaternellesbourronmarlotte.fr\/?page_id=8"},"modified":"2024-09-27T11:32:43","modified_gmt":"2024-09-27T09:32:43","slug":"accueil","status":"publish","type":"page","link":"https:\/\/assistantesmaternellesbourronmarlotte.fr\/","title":{"rendered":"Bienvenue !"},"content":{"rendered":"\n<p><\/p>\n\n\n\n<p>La Cour de R\u00e9cr\u00e9 est une association ayant pour but de r\u00e9unir les assistantes maternelles agr\u00e9\u00e9es et les enfants qui leur sont confi\u00e9s 2 fois par semaine dans une salle du centre a\u00e9r\u00e9 afin de partager jeux collectifs, activit\u00e9s d\u2019\u00e9veil, ainsi que favoriser les \u00e9changes et l\u2019apprentissage pour les pr\u00e9parer \u00e0 leur rentr\u00e9e en maternelle. <\/p>\n\n\n\n<p>Vous trouverez dans la page contact les assistantes maternelles membre de l&rsquo;association sur Bourron-Marlotte. <\/p>\n\n\n\n<div class=\"wp-block-buttons is-layout-flex wp-block-buttons-is-layout-flex\">\n<div class=\"wp-block-button\"><a class=\"wp-block-button__link wp-element-button\" href=\"https:\/\/assistantesmaternellesbourronmarlotte.fr\/?page_id=10\">Page Contact<\/a><\/div>\n<\/div>\n\n\n\n<p><\/p>\n\n\n\n<figure class=\"wp-block-image size-large\"><img loading=\"lazy\" decoding=\"async\" width=\"1024\" height=\"528\" src=\"https:\/\/assistantesmaternellesbourronmarlotte.fr\/wp-content\/uploads\/2024\/03\/20240305_111016-1024x528.jpg\" alt=\"\" class=\"wp-image-71\" srcset=\"https:\/\/assistantesmaternellesbourronmarlotte.fr\/wp-content\/uploads\/2024\/03\/20240305_111016-1024x528.jpg 1024w, https:\/\/assistantesmaternellesbourronmarlotte.fr\/wp-content\/uploads\/2024\/03\/20240305_111016-300x155.jpg 300w, https:\/\/assistantesmaternellesbourronmarlotte.fr\/wp-content\/uploads\/2024\/03\/20240305_111016-768x396.jpg 768w, https:\/\/assistantesmaternellesbourronmarlotte.fr\/wp-content\/uploads\/2024\/03\/20240305_111016-1536x792.jpg 1536w, https:\/\/assistantesmaternellesbourronmarlotte.fr\/wp-content\/uploads\/2024\/03\/20240305_111016-2048x1055.jpg 2048w\" sizes=\"auto, (max-width: 767px) 89vw, (max-width: 1000px) 54vw, (max-width: 1071px) 543px, 580px\" \/><\/figure>\n\n\n\n<p><\/p>\n","protected":false},"excerpt":{"rendered":"<p>La Cour de R\u00e9cr\u00e9 est une association ayant pour but de r\u00e9unir les assistantes maternelles agr\u00e9\u00e9es et les enfants qui leur sont confi\u00e9s 2 fois par semaine dans une salle du centre a\u00e9r\u00e9 afin de partager jeux collectifs, activit\u00e9s d\u2019\u00e9veil, ainsi que favoriser les \u00e9changes et l\u2019apprentissage pour les pr\u00e9parer \u00e0 leur rentr\u00e9e en maternelle. &hellip; <\/p>\n<p class=\"link-more\"><a href=\"https:\/\/assistantesmaternellesbourronmarlotte.fr\/\" class=\"more-link\">Continuer la lecture<span class=\"screen-reader-text\"> de &laquo;&nbsp;Bienvenue !&nbsp;&raquo;<\/span><\/a><\/p>\n","protected":false},"author":1,"featured_media":0,"parent":0,"menu_order":0,"comment_status":"closed","ping_status":"closed","template":"","meta":{"footnotes":""},"class_list":["post-8","page","type-page","status-publish","hentry"],"_links":{"self":[{"href":"https:\/\/assistantesmaternellesbourronmarlotte.fr\/index.php?rest_route=\/wp\/v2\/pages\/8","targetHints":{"allow":["GET"]}}],"collection":[{"href":"https:\/\/assistantesmaternellesbourronmarlotte.fr\/index.php?rest_route=\/wp\/v2\/pages"}],"about":[{"href":"https:\/\/assistantesmaternellesbourronmarlotte.fr\/index.php?rest_route=\/wp\/v2\/types\/page"}],"author":[{"embeddable":true,"href":"https:\/\/assistantesmaternellesbourronmarlotte.fr\/index.php?rest_route=\/wp\/v2\/users\/1"}],"replies":[{"embeddable":true,"href":"https:\/\/assistantesmaternellesbourronmarlotte.fr\/index.php?rest_route=%2Fwp%2Fv2%2Fcomments&post=8"}],"version-history":[{"count":5,"href":"https:\/\/assistantesmaternellesbourronmarlotte.fr\/index.php?rest_route=\/wp\/v2\/pages\/8\/revisions"}],"predecessor-version":[{"id":92,"href":"https:\/\/assistantesmaternellesbourronmarlotte.fr\/index.php?rest_route=\/wp\/v2\/pages\/8\/revisions\/92"}],"wp:attachment":[{"href":"https:\/\/assistantesmaternellesbourronmarlotte.fr\/index.php?rest_route=%2Fwp%2Fv2%2Fmedia&parent=8"}],"curies":[{"name":"wp","href":"https:\/\/api.w.org\/{rel}","templated":true}]}}