{"id":47,"date":"2023-08-18T12:24:06","date_gmt":"2023-08-18T10:24:06","guid":{"rendered":"https:\/\/assistantesmaternellesbourronmarlotte.fr\/?page_id=47"},"modified":"2024-09-27T19:22:05","modified_gmt":"2024-09-27T17:22:05","slug":"nos-activites","status":"publish","type":"page","link":"https:\/\/assistantesmaternellesbourronmarlotte.fr\/?page_id=47","title":{"rendered":"Nos activit\u00e9s"},"content":{"rendered":"\n<div class=\"wp-block-columns is-layout-flex wp-container-core-columns-is-layout-9d6595d7 wp-block-columns-is-layout-flex\">\n<div class=\"wp-block-column is-layout-flow wp-block-column-is-layout-flow\" style=\"flex-basis:100%\">\n<div class=\"wp-block-group\"><div class=\"wp-block-group__inner-container is-layout-constrained wp-block-group-is-layout-constrained\">\n<div class=\"wp-block-media-text is-stacked-on-mobile is-vertically-aligned-center\" style=\"grid-template-columns:75% auto\"><figure class=\"wp-block-media-text__media\"><img loading=\"lazy\" decoding=\"async\" width=\"768\" height=\"401\" src=\"https:\/\/assistantesmaternellesbourronmarlotte.fr\/wp-content\/uploads\/2024\/09\/Resized_20240901_141413.jpg\" alt=\"\" class=\"wp-image-85 size-full\" srcset=\"https:\/\/assistantesmaternellesbourronmarlotte.fr\/wp-content\/uploads\/2024\/09\/Resized_20240901_141413.jpg 768w, https:\/\/assistantesmaternellesbourronmarlotte.fr\/wp-content\/uploads\/2024\/09\/Resized_20240901_141413-300x157.jpg 300w\" sizes=\"auto, (max-width: 767px) 89vw, (max-width: 1000px) 54vw, (max-width: 1071px) 543px, 580px\" \/><\/figure><div class=\"wp-block-media-text__content\">\n<p>Notre participation  au Forum des Associations \u00e9dition 2024<\/p>\n<\/div><\/div>\n<\/div><\/div>\n<\/div>\n<\/div>\n\n\n\n<hr class=\"wp-block-separator has-alpha-channel-opacity is-style-dots\"\/>\n\n\n\n<p>Voici la salle associative du centre a\u00e9r\u00e9 o\u00f9 les enfants que nous accueillons partagent jeux et activit\u00e9s diverses. <\/p>\n\n\n\n<figure class=\"wp-block-image size-large\"><img loading=\"lazy\" decoding=\"async\" width=\"1024\" height=\"528\" src=\"https:\/\/assistantesmaternellesbourronmarlotte.fr\/wp-content\/uploads\/2024\/03\/20240305_111016-1024x528.jpg\" alt=\"\" class=\"wp-image-71\" srcset=\"https:\/\/assistantesmaternellesbourronmarlotte.fr\/wp-content\/uploads\/2024\/03\/20240305_111016-1024x528.jpg 1024w, https:\/\/assistantesmaternellesbourronmarlotte.fr\/wp-content\/uploads\/2024\/03\/20240305_111016-300x155.jpg 300w, https:\/\/assistantesmaternellesbourronmarlotte.fr\/wp-content\/uploads\/2024\/03\/20240305_111016-768x396.jpg 768w, https:\/\/assistantesmaternellesbourronmarlotte.fr\/wp-content\/uploads\/2024\/03\/20240305_111016-1536x792.jpg 1536w, https:\/\/assistantesmaternellesbourronmarlotte.fr\/wp-content\/uploads\/2024\/03\/20240305_111016-2048x1055.jpg 2048w\" sizes=\"auto, (max-width: 767px) 89vw, (max-width: 1000px) 54vw, (max-width: 1071px) 543px, 580px\" \/><\/figure>\n\n\n\n<figure class=\"wp-block-image size-large\"><img loading=\"lazy\" decoding=\"async\" width=\"1024\" height=\"457\" src=\"https:\/\/assistantesmaternellesbourronmarlotte.fr\/wp-content\/uploads\/2024\/03\/AC6BC843-E5F4-4529-B1C8-F450FC6BF64F-1024x457.jpg\" alt=\"\" class=\"wp-image-72\" srcset=\"https:\/\/assistantesmaternellesbourronmarlotte.fr\/wp-content\/uploads\/2024\/03\/AC6BC843-E5F4-4529-B1C8-F450FC6BF64F-1024x457.jpg 1024w, https:\/\/assistantesmaternellesbourronmarlotte.fr\/wp-content\/uploads\/2024\/03\/AC6BC843-E5F4-4529-B1C8-F450FC6BF64F-300x134.jpg 300w, https:\/\/assistantesmaternellesbourronmarlotte.fr\/wp-content\/uploads\/2024\/03\/AC6BC843-E5F4-4529-B1C8-F450FC6BF64F-768x343.jpg 768w, https:\/\/assistantesmaternellesbourronmarlotte.fr\/wp-content\/uploads\/2024\/03\/AC6BC843-E5F4-4529-B1C8-F450FC6BF64F.jpg 1290w\" sizes=\"auto, (max-width: 767px) 89vw, (max-width: 1000px) 54vw, (max-width: 1071px) 543px, 580px\" \/><\/figure>\n\n\n\n<hr class=\"wp-block-separator has-alpha-channel-opacity is-style-dots\"\/>\n\n\n\n<p>Forum des associations de Bourron-Marlotte de 2022<\/p>\n\n\n\n<figure class=\"wp-block-image size-large\"><img loading=\"lazy\" decoding=\"async\" width=\"1024\" height=\"949\" src=\"https:\/\/assistantesmaternellesbourronmarlotte.fr\/wp-content\/uploads\/2024\/01\/20210905_141315-1024x949.jpg\" alt=\"\" class=\"wp-image-55\" srcset=\"https:\/\/assistantesmaternellesbourronmarlotte.fr\/wp-content\/uploads\/2024\/01\/20210905_141315-1024x949.jpg 1024w, https:\/\/assistantesmaternellesbourronmarlotte.fr\/wp-content\/uploads\/2024\/01\/20210905_141315-300x278.jpg 300w, https:\/\/assistantesmaternellesbourronmarlotte.fr\/wp-content\/uploads\/2024\/01\/20210905_141315-768x712.jpg 768w, https:\/\/assistantesmaternellesbourronmarlotte.fr\/wp-content\/uploads\/2024\/01\/20210905_141315-1536x1423.jpg 1536w, https:\/\/assistantesmaternellesbourronmarlotte.fr\/wp-content\/uploads\/2024\/01\/20210905_141315.jpg 1825w\" sizes=\"auto, (max-width: 767px) 89vw, (max-width: 1000px) 54vw, (max-width: 1071px) 543px, 580px\" \/><\/figure>\n\n\n\n<p><\/p>\n","protected":false},"excerpt":{"rendered":"<p>Notre participation au Forum des Associations \u00e9dition 2024 Voici la salle associative du centre a\u00e9r\u00e9 o\u00f9 les enfants que nous accueillons partagent jeux et activit\u00e9s diverses. Forum des associations de Bourron-Marlotte de 2022<\/p>\n","protected":false},"author":1,"featured_media":0,"parent":0,"menu_order":0,"comment_status":"closed","ping_status":"closed","template":"","meta":{"footnotes":""},"class_list":["post-47","page","type-page","status-publish","hentry"],"_links":{"self":[{"href":"https:\/\/assistantesmaternellesbourronmarlotte.fr\/index.php?rest_route=\/wp\/v2\/pages\/47","targetHints":{"allow":["GET"]}}],"collection":[{"href":"https:\/\/assistantesmaternellesbourronmarlotte.fr\/index.php?rest_route=\/wp\/v2\/pages"}],"about":[{"href":"https:\/\/assistantesmaternellesbourronmarlotte.fr\/index.php?rest_route=\/wp\/v2\/types\/page"}],"author":[{"embeddable":true,"href":"https:\/\/assistantesmaternellesbourronmarlotte.fr\/index.php?rest_route=\/wp\/v2\/users\/1"}],"replies":[{"embeddable":true,"href":"https:\/\/assistantesmaternellesbourronmarlotte.fr\/index.php?rest_route=%2Fwp%2Fv2%2Fcomments&post=47"}],"version-history":[{"count":15,"href":"https:\/\/assistantesmaternellesbourronmarlotte.fr\/index.php?rest_route=\/wp\/v2\/pages\/47\/revisions"}],"predecessor-version":[{"id":95,"href":"https:\/\/assistantesmaternellesbourronmarlotte.fr\/index.php?rest_route=\/wp\/v2\/pages\/47\/revisions\/95"}],"wp:attachment":[{"href":"https:\/\/assistantesmaternellesbourronmarlotte.fr\/index.php?rest_route=%2Fwp%2Fv2%2Fmedia&parent=47"}],"curies":[{"name":"wp","href":"https:\/\/api.w.org\/{rel}","templated":true}]}}